{"id":442,"date":"2025-02-03T12:00:14","date_gmt":"2025-02-03T11:00:14","guid":{"rendered":"https:\/\/breizhchina.com\/?page_id=442"},"modified":"2025-02-03T12:12:11","modified_gmt":"2025-02-03T11:12:11","slug":"mot-du-president","status":"publish","type":"page","link":"https:\/\/breizhchina.com\/?page_id=442","title":{"rendered":"Mot du pr\u00e9sident"},"content":{"rendered":"\n<p><strong> La Nouvelle Route de la Soie : Une Opportunit\u00e9 Strat\u00e9gique pour l\u2019Europe, l\u2019Afrique et la Chine<\/strong><\/p>\n\n\n<div class=\"wp-block-image\">\n<figure class=\"alignleft size-full is-resized\"><img loading=\"lazy\" decoding=\"async\" width=\"609\" height=\"686\" src=\"https:\/\/breizhchina.com\/wp-content\/uploads\/2025\/02\/Nicolas.png\" alt=\"\" class=\"wp-image-443\" style=\"width:102px;height:auto\" srcset=\"https:\/\/breizhchina.com\/wp-content\/uploads\/2025\/02\/Nicolas.png 609w, https:\/\/breizhchina.com\/wp-content\/uploads\/2025\/02\/Nicolas-266x300.png 266w\" sizes=\"auto, (max-width: 609px) 100vw, 609px\" \/><\/figure><\/div>\n\n\n<p>Dans un monde en mutation rapide, marqu\u00e9 par des crises \u00e9conomiques, des bouleversements g\u00e9opolitiques et des d\u00e9fis environnementaux, la connectivit\u00e9 et les \u00e9changes internationaux n\u2019ont jamais \u00e9t\u00e9 aussi essentiels. C\u2019est dans ce contexte que la Nouvelle Route de la Soie s\u2019affirme comme un axe strat\u00e9gique pour renforcer les liens entre l\u2019Europe, l\u2019Afrique et la Chine, apportant des opportunit\u00e9s in\u00e9dites pour le d\u00e9veloppement de nos \u00e9conomies respectives.<\/p>\n\n\n\n<p>La Chine, souvent per\u00e7ue \u00e0 travers des prismes de m\u00e9fiance ou d\u2019id\u00e9es pr\u00e9con\u00e7ues, reste n\u00e9anmoins l\u2019atelier du monde. Il est un fait ind\u00e9niable que nous consommons tous des produits fabriqu\u00e9s en Chine, que ce soit dans nos industries, nos entreprises ou notre quotidien. D\u00e8s lors, ignorer la r\u00e9alit\u00e9 de cette puissance \u00e9conomique serait une erreur strat\u00e9gique. Plut\u00f4t que de subir cette influence, il est primordial de l\u2019accompagner, de la comprendre et de construire des relations fond\u00e9es sur la discussion et la n\u00e9gociation.<\/p>\n\n\n\n<p>Au-del\u00e0 de son r\u00f4le historique en tant que centre de production, la force de la Chine aujourd\u2019hui r\u00e9side \u00e9galement dans ses avanc\u00e9es dans des secteurs innovants tels que les nouvelles technologies, l\u2019intelligence artificielle, les \u00e9nergies renouvelables, les biotechnologies. Ces domaines de pointe sont devenus des moteurs de croissance incontournables qui fa\u00e7onnent l\u2019\u00e9conomie mondiale et offrent de nouvelles opportunit\u00e9s de coop\u00e9ration.<\/p>\n\n\n\n<p>Loin de chercher \u00e0 imposer un mod\u00e8le unilat\u00e9ral, la Chine a compris que l\u2019Europe ne peut se permettre de c\u00e9der son industrie. La comp\u00e9titivit\u00e9 europ\u00e9enne, tout comme celle du continent africain en pleine expansion, repose sur un \u00e9quilibre entre souverainet\u00e9 industrielle et collaborations strat\u00e9giques. Il est donc fondamental de mettre en place des partenariats gagnant-gagnant, o\u00f9 investissements, transferts de technologies et co-d\u00e9veloppements permettent \u00e0 chacun de tirer profit de cette dynamique globale.<\/p>\n\n\n\n<p>Breizh China International s\u2019engage pleinement dans cette d\u00e9marche de coop\u00e9ration et de dialogue. Nous croyons fermement que l\u2019avenir de nos \u00e9changes repose sur une approche pragmatique et constructive, visant \u00e0 cr\u00e9er des synergies b\u00e9n\u00e9fiques pour tous. En facilitant les discussions entre les acteurs \u00e9conomiques europ\u00e9ens, africains et chinois, nous ouvrons la voie \u00e0 des opportunit\u00e9s de croissance partag\u00e9e, dans un cadre respectueux des int\u00e9r\u00eats de chacun.<\/p>\n\n\n\n<p>Il est temps d\u2019adopter une vision claire et \u00e9quilibr\u00e9e sur nos relations avec la Chine. Loin des id\u00e9es re\u00e7ues, nous devons saisir cette chance unique d\u2019\u00eatre acteurs d\u2019un monde interconnect\u00e9 et d\u2019une prosp\u00e9rit\u00e9 durable.<\/p>\n\n\n\n<p>Restant \u00e0 votre disposition pour poursuivre ces \u00e9changes, n&rsquo;h\u00e9sitez pas \u00e0 nous contacter.<\/p>\n","protected":false},"excerpt":{"rendered":"<p>La Nouvelle Route de la Soie : Une Opportunit\u00e9 Strat\u00e9gique pour l\u2019Europe, l\u2019Afrique et la Chine Dans un monde en mutation rapide, marqu\u00e9 par des crises \u00e9conomiques, des bouleversements g\u00e9opolitiques et des d\u00e9fis environnementaux, la connectivit\u00e9 et les \u00e9changes internationaux n\u2019ont jamais \u00e9t\u00e9 aussi essentiels. C\u2019est dans ce contexte que la Nouvelle Route de la &hellip; <\/p>\n<p class=\"link-more\"><a href=\"https:\/\/breizhchina.com\/?page_id=442\" class=\"more-link\">Continuer la lecture<span class=\"screen-reader-text\"> de &laquo;&nbsp;Mot du pr\u00e9sident&nbsp;&raquo;<\/span><\/a><\/p>\n","protected":false},"author":1,"featured_media":0,"parent":0,"menu_order":0,"comment_status":"closed","ping_status":"closed","template":"","meta":{"footnotes":""},"class_list":["post-442","page","type-page","status-publish","hentry"],"_links":{"self":[{"href":"https:\/\/breizhchina.com\/index.php?rest_route=\/wp\/v2\/pages\/442","targetHints":{"allow":["GET"]}}],"collection":[{"href":"https:\/\/breizhchina.com\/index.php?rest_route=\/wp\/v2\/pages"}],"about":[{"href":"https:\/\/breizhchina.com\/index.php?rest_route=\/wp\/v2\/types\/page"}],"author":[{"embeddable":true,"href":"https:\/\/breizhchina.com\/index.php?rest_route=\/wp\/v2\/users\/1"}],"replies":[{"embeddable":true,"href":"https:\/\/breizhchina.com\/index.php?rest_route=%2Fwp%2Fv2%2Fcomments&post=442"}],"version-history":[{"count":3,"href":"https:\/\/breizhchina.com\/index.php?rest_route=\/wp\/v2\/pages\/442\/revisions"}],"predecessor-version":[{"id":451,"href":"https:\/\/breizhchina.com\/index.php?rest_route=\/wp\/v2\/pages\/442\/revisions\/451"}],"wp:attachment":[{"href":"https:\/\/breizhchina.com\/index.php?rest_route=%2Fwp%2Fv2%2Fmedia&parent=442"}],"curies":[{"name":"wp","href":"https:\/\/api.w.org\/{rel}","templated":true}]}}