{"id":431,"date":"2025-02-02T09:55:04","date_gmt":"2025-02-02T08:55:04","guid":{"rendered":"https:\/\/breizhchina.com\/?page_id=431"},"modified":"2026-01-22T18:28:01","modified_gmt":"2026-01-22T17:28:01","slug":"presentation","status":"publish","type":"page","link":"https:\/\/breizhchina.com\/?page_id=431","title":{"rendered":"Pr\u00e9sentation"},"content":{"rendered":"\n<ul class=\"wp-block-list\">\n<li>Fond\u00e9e au printemps 2020 en Bretagne, \u00e0 l&rsquo;ouest de la France, <strong>BREIZH-CHINA INTERNATIONAL<\/strong> a pour objectif de construire un pont de confiance pour le d\u00e9veloppement de la culture \u00e9conomique dans le cadre de la nouvelle route de la soie, \u00e9galement connue sous le nom d&rsquo;Initiative Belt and Road (BRI). c&rsquo;est un ambitieux projet de d\u00e9veloppement \u00e9conomique lanc\u00e9 par la Chine en 2013. Il vise \u00e0 renforcer les liens commerciaux et d&rsquo;infrastructure entre l&rsquo;Asie, l&rsquo;Europe et l&rsquo;Afrique, en r\u00e9tablissant certaines des anciennes routes commerciales qui reliaient autrefois ces r\u00e9gions.<\/li>\n<\/ul>\n\n\n\n<p><\/p>\n","protected":false},"excerpt":{"rendered":"","protected":false},"author":1,"featured_media":0,"parent":0,"menu_order":0,"comment_status":"closed","ping_status":"closed","template":"","meta":{"footnotes":""},"class_list":["post-431","page","type-page","status-publish","hentry"],"_links":{"self":[{"href":"https:\/\/breizhchina.com\/index.php?rest_route=\/wp\/v2\/pages\/431","targetHints":{"allow":["GET"]}}],"collection":[{"href":"https:\/\/breizhchina.com\/index.php?rest_route=\/wp\/v2\/pages"}],"about":[{"href":"https:\/\/breizhchina.com\/index.php?rest_route=\/wp\/v2\/types\/page"}],"author":[{"embeddable":true,"href":"https:\/\/breizhchina.com\/index.php?rest_route=\/wp\/v2\/users\/1"}],"replies":[{"embeddable":true,"href":"https:\/\/breizhchina.com\/index.php?rest_route=%2Fwp%2Fv2%2Fcomments&post=431"}],"version-history":[{"count":3,"href":"https:\/\/breizhchina.com\/index.php?rest_route=\/wp\/v2\/pages\/431\/revisions"}],"predecessor-version":[{"id":662,"href":"https:\/\/breizhchina.com\/index.php?rest_route=\/wp\/v2\/pages\/431\/revisions\/662"}],"wp:attachment":[{"href":"https:\/\/breizhchina.com\/index.php?rest_route=%2Fwp%2Fv2%2Fmedia&parent=431"}],"curies":[{"name":"wp","href":"https:\/\/api.w.org\/{rel}","templated":true}]}}