{"id":27,"date":"2024-02-15T06:27:22","date_gmt":"2024-02-15T05:27:22","guid":{"rendered":"http:\/\/breizhchina.com\/?page_id=27"},"modified":"2026-01-22T17:20:06","modified_gmt":"2026-01-22T16:20:06","slug":"a-propos-de","status":"publish","type":"page","link":"https:\/\/breizhchina.com\/?page_id=27","title":{"rendered":"Nos Services"},"content":{"rendered":"\n<p><\/p>\n\n\n\n<p><\/p>\n\n\n\n<p><strong>1. Mise en relation &amp; Matchmaking B2B<\/strong><\/p>\n\n\n\n<ul class=\"wp-block-list\">\n<li>Identification de partenaires commerciaux, industriels ou institutionnels qualifi\u00e9s.<\/li>\n\n\n\n<li>Acc\u00e8s \u00e0 un r\u00e9seau de pr\u00e8s de 2000 fabricants et distributeurs chinois dans divers secteurs (sant\u00e9, \u00e9nergies renouvelables, high-tech).<\/li>\n<\/ul>\n\n\n\n<p><strong>2. Missions &amp; Voyages d\u2019affaires<\/strong><\/p>\n\n\n\n<ul class=\"wp-block-list\">\n<li>Organisation de missions business structur\u00e9es et cl\u00e9 en main (France\/Maroc \u2194 Chine).<\/li>\n\n\n\n<li>Visites d&rsquo;entreprises leaders et de zones \u00e9conomiques strat\u00e9giques.<\/li>\n<\/ul>\n\n\n\n<p><strong>3. \u00c9tudes de march\u00e9 &amp; Veille<\/strong><\/p>\n\n\n\n<ul class=\"wp-block-list\">\n<li>Analyses sectorielles cibl\u00e9es et veille strat\u00e9gique pour s\u00e9curiser vos d\u00e9cisions avant l&rsquo;investissement.<\/li>\n<\/ul>\n\n\n\n<p><strong>4. Accompagnement Strat\u00e9gique &amp; Op\u00e9rationnel<\/strong><\/p>\n\n\n\n<ul class=\"wp-block-list\">\n<li>Soutien \u00e0 l&rsquo;implantation, appui \u00e0 la n\u00e9gociation interculturelle et structuration de projets transfrontaliers.<\/li>\n<\/ul>\n\n\n\n<p><strong>5. Formations &amp; Sensibilisation<\/strong><\/p>\n\n\n\n<ul class=\"wp-block-list\">\n<li>Ateliers et formations pour comprendre les enjeux du march\u00e9 chinois et r\u00e9ussir vos n\u00e9gociations.<\/li>\n<\/ul>\n\n\n\n<p><strong>6. Visibilit\u00e9 &amp; Partenariats<\/strong><\/p>\n\n\n\n<p>Solutions de sponsoring et communication cibl\u00e9e aupr\u00e8s de notre r\u00e9seau de d\u00e9cideurs internationaux.<\/p>\n\n\n\n<p><\/p>\n","protected":false},"excerpt":{"rendered":"<p>1. Mise en relation &amp; Matchmaking B2B 2. Missions &amp; Voyages d\u2019affaires 3. \u00c9tudes de march\u00e9 &amp; Veille 4. Accompagnement Strat\u00e9gique &amp; Op\u00e9rationnel 5. Formations &amp; Sensibilisation 6. Visibilit\u00e9 &amp; Partenariats Solutions de sponsoring et communication cibl\u00e9e aupr\u00e8s de notre r\u00e9seau de d\u00e9cideurs internationaux.<\/p>\n","protected":false},"author":1,"featured_media":0,"parent":0,"menu_order":0,"comment_status":"closed","ping_status":"closed","template":"","meta":{"footnotes":""},"class_list":["post-27","page","type-page","status-publish","hentry"],"_links":{"self":[{"href":"https:\/\/breizhchina.com\/index.php?rest_route=\/wp\/v2\/pages\/27","targetHints":{"allow":["GET"]}}],"collection":[{"href":"https:\/\/breizhchina.com\/index.php?rest_route=\/wp\/v2\/pages"}],"about":[{"href":"https:\/\/breizhchina.com\/index.php?rest_route=\/wp\/v2\/types\/page"}],"author":[{"embeddable":true,"href":"https:\/\/breizhchina.com\/index.php?rest_route=\/wp\/v2\/users\/1"}],"replies":[{"embeddable":true,"href":"https:\/\/breizhchina.com\/index.php?rest_route=%2Fwp%2Fv2%2Fcomments&post=27"}],"version-history":[{"count":9,"href":"https:\/\/breizhchina.com\/index.php?rest_route=\/wp\/v2\/pages\/27\/revisions"}],"predecessor-version":[{"id":667,"href":"https:\/\/breizhchina.com\/index.php?rest_route=\/wp\/v2\/pages\/27\/revisions\/667"}],"wp:attachment":[{"href":"https:\/\/breizhchina.com\/index.php?rest_route=%2Fwp%2Fv2%2Fmedia&parent=27"}],"curies":[{"name":"wp","href":"https:\/\/api.w.org\/{rel}","templated":true}]}}